{"id":5736,"date":"2025-04-22T21:00:52","date_gmt":"2025-04-23T04:00:52","guid":{"rendered":"http:\/\/glanzmanntours.com\/partners\/"},"modified":"2025-12-20T12:45:23","modified_gmt":"2025-12-20T19:45:23","slug":"partners","status":"publish","type":"page","link":"https:\/\/glanzmanntours.com\/de\/partners\/","title":{"rendered":"Partner"},"content":{"rendered":"\t\t<div data-elementor-type=\"wp-page\" data-elementor-id=\"5736\" class=\"elementor elementor-5736 elementor-5467\" data-elementor-post-type=\"page\">\n\t\t\t\t<div class=\"elementor-element elementor-element-abca50b e-flex e-con-boxed e-con e-parent\" data-id=\"abca50b\" data-element_type=\"container\" data-e-type=\"container\">\n\t\t\t\t\t<div class=\"e-con-inner\">\n\t\t\t\t<div class=\"elementor-element elementor-element-6b28717 elementor-widget elementor-widget-heading\" data-id=\"6b28717\" data-element_type=\"widget\" data-e-type=\"widget\" data-widget_type=\"heading.default\">\n\t\t\t\t<div class=\"elementor-widget-container\">\n\t\t\t\t\t<h2 class=\"elementor-heading-title elementor-size-default\">YUKON \/ KLUANE<\/h2>\t\t\t\t<\/div>\n\t\t\t\t<\/div>\n\t\t<div class=\"elementor-element elementor-element-7bab698 e-con-full e-flex e-con e-child\" data-id=\"7bab698\" data-element_type=\"container\" data-e-type=\"container\">\n\t\t\t\t<div class=\"elementor-element elementor-element-1913479 elementor-widget elementor-widget-heading\" data-id=\"1913479\" data-element_type=\"widget\" data-e-type=\"widget\" data-widget_type=\"heading.default\">\n\t\t\t\t<div class=\"elementor-widget-container\">\n\t\t\t\t\t<h3 class=\"elementor-heading-title elementor-size-default\"><a href=\"https:\/\/icefielddiscovery.com\/flights-flightseeing.html\" target=\"_blank\" rel=\"noopener\">Gletscherfl\u00fcge mit Icefield Discovery<\/a><\/h3>\t\t\t\t<\/div>\n\t\t\t\t<\/div>\n\t\t\t\t<div class=\"elementor-element elementor-element-c16c6fe elementor-widget elementor-widget-text-editor\" data-id=\"c16c6fe\" data-element_type=\"widget\" data-e-type=\"widget\" data-widget_type=\"text-editor.default\">\n\t\t\t\t<div class=\"elementor-widget-container\">\n\t\t\t\t\t\t\t\t\t<p>Spektakul\u00e4re Gletscherrundfl\u00fcge von Silver City, am s\u00fcdlichen Ende vom Kluane Lake, 1 KM entfernt vom Alaska Highway, \u00fcber das gr\u00f6sste nichtpolare Eisfeld der Welt, zum Mt. Logan mit optionaler Gletscherlandung auf einem Icefield. Den Kluane National Park aus der Vogelperspektive erleben \u2013 atemberauben. <\/p>\t\t\t\t\t\t\t\t<\/div>\n\t\t\t\t<\/div>\n\t\t\t\t<\/div>\n\t\t<div class=\"elementor-element elementor-element-7e8c076 e-con-full e-flex e-con e-child\" data-id=\"7e8c076\" data-element_type=\"container\" data-e-type=\"container\">\n\t\t\t\t<div class=\"elementor-element elementor-element-cc5c23a elementor-widget elementor-widget-heading\" data-id=\"cc5c23a\" data-element_type=\"widget\" data-e-type=\"widget\" data-widget_type=\"heading.default\">\n\t\t\t\t<div class=\"elementor-widget-container\">\n\t\t\t\t\t<h3 class=\"elementor-heading-title elementor-size-default\"><a href=\"https:\/\/rockingstar.ca\/\" target=\"_blank\" rel=\"noopener\">Spektakul\u00e4re Gletscherrundfl\u00fcge mit Rocking Star Adventures<\/a><\/h3>\t\t\t\t<\/div>\n\t\t\t\t<\/div>\n\t\t\t\t<div class=\"elementor-element elementor-element-e9dcee3 elementor-widget elementor-widget-text-editor\" data-id=\"e9dcee3\" data-element_type=\"widget\" data-e-type=\"widget\" data-widget_type=\"text-editor.default\">\n\t\t\t\t<div class=\"elementor-widget-container\">\n\t\t\t\t\t\t\t\t\t<p>Gletscher-Rundfl\u00fcge von Haines Junction Airport ins Alsek Valley und \u00fcber die Eisfelder mit Blick auf Mount Logan (h\u00f6chster Berg Kanadas, 5959 Meter). Entdecken Sie den Kluane Natioanl Park aus der Perspektive eines Vogels hin zum Lowell Gletscher und See. Ein unvergesslicher Flug der sich bei gutem Wetter lohnt.<\/p>\t\t\t\t\t\t\t\t<\/div>\n\t\t\t\t<\/div>\n\t\t\t\t<\/div>\n\t\t<div class=\"elementor-element elementor-element-af7ed80 e-con-full e-flex e-con e-child\" data-id=\"af7ed80\" data-element_type=\"container\" data-e-type=\"container\">\n\t\t\t\t<div class=\"elementor-element elementor-element-94c9393 elementor-widget elementor-widget-heading\" data-id=\"94c9393\" data-element_type=\"widget\" data-e-type=\"widget\" data-widget_type=\"heading.default\">\n\t\t\t\t<div class=\"elementor-widget-container\">\n\t\t\t\t\t<h3 class=\"elementor-heading-title elementor-size-default\"><a href=\"https:\/\/parks.canada.ca\/pn-np\/yt\/kluane\/index\" target=\"_blank\" rel=\"noopener\">Kluane Nationalpark<\/a><\/h3>\t\t\t\t<\/div>\n\t\t\t\t<\/div>\n\t\t\t\t<div class=\"elementor-element elementor-element-971de15 elementor-widget elementor-widget-text-editor\" data-id=\"971de15\" data-element_type=\"widget\" data-e-type=\"widget\" data-widget_type=\"text-editor.default\">\n\t\t\t\t<div class=\"elementor-widget-container\">\n\t\t\t\t\t\t\t\t\t<p>Der Kluane National Park geh\u00f6rt zum Unesco Weltkulturerbe. Besuchen Sie das Visitor Center in Haines Junction.  <\/p>\t\t\t\t\t\t\t\t<\/div>\n\t\t\t\t<\/div>\n\t\t\t\t<\/div>\n\t\t\t\t\t<\/div>\n\t\t\t\t<\/div>\n\t\t\t\t<\/div>\n\t\t","protected":false},"excerpt":{"rendered":"<p>YUKON \/ KLUANE Gletscherfl\u00fcge mit Icefield Discovery Spektakul\u00e4re Gletscherrundfl\u00fcge von Silver City, am s\u00fcdlichen Ende vom Kluane Lake, 1 KM entfernt vom Alaska Highway, \u00fcber das gr\u00f6sste nichtpolare Eisfeld der Welt, zum Mt. Logan mit optionaler Gletscherlandung auf einem Icefield. Den Kluane National Park aus der Vogelperspektive erleben \u2013 atemberauben. Spektakul\u00e4re Gletscherrundfl\u00fcge mit Rocking Star [&hellip;]<\/p>\n","protected":false},"author":1,"featured_media":5977,"parent":0,"menu_order":81,"comment_status":"closed","ping_status":"closed","template":"","meta":{"footnotes":""},"class_list":["post-5736","page","type-page","status-publish","has-post-thumbnail","hentry"],"_links":{"self":[{"href":"https:\/\/glanzmanntours.com\/de\/wp-json\/wp\/v2\/pages\/5736","targetHints":{"allow":["GET"]}}],"collection":[{"href":"https:\/\/glanzmanntours.com\/de\/wp-json\/wp\/v2\/pages"}],"about":[{"href":"https:\/\/glanzmanntours.com\/de\/wp-json\/wp\/v2\/types\/page"}],"author":[{"embeddable":true,"href":"https:\/\/glanzmanntours.com\/de\/wp-json\/wp\/v2\/users\/1"}],"replies":[{"embeddable":true,"href":"https:\/\/glanzmanntours.com\/de\/wp-json\/wp\/v2\/comments?post=5736"}],"version-history":[{"count":2,"href":"https:\/\/glanzmanntours.com\/de\/wp-json\/wp\/v2\/pages\/5736\/revisions"}],"predecessor-version":[{"id":6139,"href":"https:\/\/glanzmanntours.com\/de\/wp-json\/wp\/v2\/pages\/5736\/revisions\/6139"}],"wp:featuredmedia":[{"embeddable":true,"href":"https:\/\/glanzmanntours.com\/de\/wp-json\/wp\/v2\/media\/5977"}],"wp:attachment":[{"href":"https:\/\/glanzmanntours.com\/de\/wp-json\/wp\/v2\/media?parent=5736"}],"curies":[{"name":"wp","href":"https:\/\/api.w.org\/{rel}","templated":true}]}}