{"id":5730,"date":"2025-03-27T16:27:28","date_gmt":"2025-03-27T23:27:28","guid":{"rendered":"http:\/\/glanzmanntours.com\/unsere-lage\/"},"modified":"2026-02-23T20:11:31","modified_gmt":"2026-02-24T03:11:31","slug":"lage","status":"publish","type":"page","link":"https:\/\/glanzmanntours.com\/de\/lage\/","title":{"rendered":"Unsere Lage"},"content":{"rendered":"\t\t<div data-elementor-type=\"wp-page\" data-elementor-id=\"5730\" class=\"elementor elementor-5730 elementor-4515\" data-elementor-post-type=\"page\">\n\t\t\t\t<div class=\"elementor-element elementor-element-29b35f1 e-flex e-con-boxed e-con e-parent\" data-id=\"29b35f1\" data-element_type=\"container\" data-e-type=\"container\">\n\t\t\t\t\t<div class=\"e-con-inner\">\n\t\t<div class=\"elementor-element elementor-element-10e1304 e-con-full e-flex e-con e-child\" data-id=\"10e1304\" data-element_type=\"container\" data-e-type=\"container\">\n\t\t\t\t<div class=\"elementor-element elementor-element-6ac63e6 elementor-widget elementor-widget-heading\" data-id=\"6ac63e6\" data-element_type=\"widget\" data-e-type=\"widget\" data-widget_type=\"heading.default\">\n\t\t\t\t<div class=\"elementor-widget-container\">\n\t\t\t\t\t<h2 class=\"elementor-heading-title elementor-size-default\">Unsere Lage am <strong>Kluane Nationalpark<\/strong><\/h2>\t\t\t\t<\/div>\n\t\t\t\t<\/div>\n\t\t\t\t<div class=\"elementor-element elementor-element-288e5c5 elementor-widget elementor-widget-text-editor\" data-id=\"288e5c5\" data-element_type=\"widget\" data-e-type=\"widget\" data-widget_type=\"text-editor.default\">\n\t\t\t\t<div class=\"elementor-widget-container\">\n\t\t\t\t\t\t\t\t\t<p>Unser Standort ist der ideale Ausgangspunkt f\u00fcr Touren innerhalb und au\u00dferhalb des Nationalparks \u2013 ein Ort urspr\u00fcnglicher Wildnis, unber\u00fchrter Natur und wohltuender Stille \u2013 weit entfernt von Menschenmengen und Touristenstr\u00f6men.<br>Das 8 Hektar gro\u00dfe Grundst\u00fcck grenzt direkt an den Kluane Nationalpark. Es liegt etwa 35 Kilometer s\u00fcdlich von Haines Junction an der Haines Road, eingebettet zwischen dem Kathleen Lake und dem Dezadeash Lake. <br>Unsere Blockh\u00fctten stehen inmitten eines lichten Waldes &#8211; mit Aussicht auf eine der markanten Bergketten des Nationalparks.<br>Die tiefgreifende Ruhe der Natur, das aktive Entdecken und Erleben dieser unber\u00fchrten Wildnis \u2013 all das schafft Raum f\u00fcr ganzheitliche Erholung und unvergessliche Momente.  <\/p>\t\t\t\t\t\t\t\t<\/div>\n\t\t\t\t<\/div>\n\t\t\t\t<div class=\"elementor-element elementor-element-1d6c991 elementor-widget elementor-widget-google_maps\" data-id=\"1d6c991\" data-element_type=\"widget\" data-e-type=\"widget\" data-widget_type=\"google_maps.default\">\n\t\t\t\t<div class=\"elementor-widget-container\">\n\t\t\t\t\t\t\t<div class=\"elementor-custom-embed\">\n\t\t\t<iframe loading=\"lazy\"\n\t\t\t\t\tsrc=\"https:\/\/maps.google.com\/maps?q=Glanzmann%20Tours%20Ltd.%2C%20Yukon%20Territory%2C%20Canada&#038;t=m&#038;z=10&#038;output=embed&#038;iwloc=near\"\n\t\t\t\t\ttitle=\"Glanzmann Tours Ltd., Yukon Territory, Canada\"\n\t\t\t\t\taria-label=\"Glanzmann Tours Ltd., Yukon Territory, Canada\"\n\t\t\t><\/iframe>\n\t\t<\/div>\n\t\t\t\t\t\t<\/div>\n\t\t\t\t<\/div>\n\t\t\t\t<\/div>\n\t\t<div class=\"elementor-element elementor-element-4d1f10e e-con-full e-flex e-con e-child\" data-id=\"4d1f10e\" data-element_type=\"container\" data-e-type=\"container\">\n\t\t\t\t<div class=\"elementor-element elementor-element-d138a2b elementor--h-position-center elementor--v-position-middle elementor-arrows-position-inside elementor-widget elementor-widget-slides\" data-id=\"d138a2b\" data-element_type=\"widget\" data-e-type=\"widget\" data-settings=\"{&quot;navigation&quot;:&quot;arrows&quot;,&quot;autoplay&quot;:&quot;yes&quot;,&quot;pause_on_hover&quot;:&quot;yes&quot;,&quot;pause_on_interaction&quot;:&quot;yes&quot;,&quot;autoplay_speed&quot;:5000,&quot;infinite&quot;:&quot;yes&quot;,&quot;transition&quot;:&quot;slide&quot;,&quot;transition_speed&quot;:500}\" data-widget_type=\"slides.default\">\n\t\t\t\t<div class=\"elementor-widget-container\">\n\t\t\t\t\t\t\t\t\t<div class=\"elementor-swiper\">\n\t\t\t\t\t<div class=\"elementor-slides-wrapper elementor-main-swiper swiper\" role=\"region\" aria-roledescription=\"carousel\" aria-label=\"Slides\" dir=\"ltr\" data-animation=\"fadeInUp\">\n\t\t\t\t<div class=\"swiper-wrapper elementor-slides\">\n\t\t\t\t\t\t\t\t\t\t<div class=\"elementor-repeater-item-b3dabbf swiper-slide\" role=\"group\" aria-roledescription=\"slide\"><div class=\"swiper-slide-bg elementor-ken-burns elementor-ken-burns--in\" role=\"img\" aria-label=\"eisfelder-kluane-park-kaskawulsh-gletscher-aerial-fotografie\"><\/div><div class=\"elementor-background-overlay\"><\/div><div class=\"swiper-slide-inner\" ><div class=\"swiper-slide-contents\"><div class=\"elementor-slide-heading\"><strong>KLUANE<\/strong><br>NATIONALPARK<\/div><\/div><\/div><\/div><div class=\"elementor-repeater-item-eb13efb swiper-slide\" role=\"group\" aria-roledescription=\"slide\"><div class=\"swiper-slide-bg elementor-ken-burns elementor-ken-burns--in\" role=\"img\" aria-label=\"junger-grizzly-baer-grosser-lachs\"><\/div><div class=\"elementor-background-overlay\"><\/div><div class=\"swiper-slide-inner\" ><div class=\"swiper-slide-contents\"><div class=\"elementor-slide-heading\"><strong>WILD<\/strong>LIFE<\/div><\/div><\/div><\/div><div class=\"elementor-repeater-item-d8aa856 swiper-slide\" role=\"group\" aria-roledescription=\"slide\"><div class=\"swiper-slide-bg elementor-ken-burns elementor-ken-burns--in\" role=\"img\" aria-label=\"Yukon-Blockhuette-Unterkunft-Mieten\"><\/div><div class=\"elementor-background-overlay\"><\/div><div class=\"swiper-slide-inner\" ><div class=\"swiper-slide-contents\"><div class=\"elementor-slide-heading\"><strong>STILLE<\/strong><br>WILDNIS<\/div><\/div><\/div><\/div><div class=\"elementor-repeater-item-d6d9cf3 swiper-slide\" role=\"group\" aria-roledescription=\"slide\"><div class=\"swiper-slide-bg elementor-ken-burns elementor-ken-burns--in\" role=\"img\" aria-label=\"Wander-paradies-yukon\"><\/div><div class=\"elementor-background-overlay\"><\/div><div class=\"swiper-slide-inner\" ><div class=\"swiper-slide-contents\"><div class=\"elementor-slide-heading\"><strong>WANDER<\/strong><br>PARADIES<\/div><\/div><\/div><\/div><div class=\"elementor-repeater-item-a193500 swiper-slide\" role=\"group\" aria-roledescription=\"slide\"><div class=\"swiper-slide-bg elementor-ken-burns elementor-ken-burns--in\" role=\"img\" aria-label=\"Nordlichter-Aurora-Borealis\"><\/div><div class=\"elementor-background-overlay\"><\/div><div class=\"swiper-slide-inner\" ><div class=\"swiper-slide-contents\"><div class=\"elementor-slide-heading\"><strong>NORD<\/strong><br>LICHTER<\/div><\/div><\/div><\/div><div class=\"elementor-repeater-item-341aa99 swiper-slide\" role=\"group\" aria-roledescription=\"slide\"><div class=\"swiper-slide-bg elementor-ken-burns elementor-ken-burns--in\" role=\"img\" aria-label=\"Logan-hoechster-berg-kanada-kluane-eisfelder\"><\/div><div class=\"elementor-background-overlay\"><\/div><div class=\"swiper-slide-inner\" ><div class=\"swiper-slide-contents\"><div class=\"elementor-slide-heading\"><strong>MOUNT<\/strong><br>LOGAN<\/div><\/div><\/div><\/div>\t\t\t\t<\/div>\n\t\t\t\t\t\t\t\t\t\t\t\t\t\t\t<div class=\"elementor-swiper-button elementor-swiper-button-prev\" role=\"button\" tabindex=\"0\" aria-label=\"Vorheriger Slide\">\n\t\t\t\t\t\t\t<svg aria-hidden=\"true\" class=\"e-font-icon-svg e-eicon-chevron-left\" viewBox=\"0 0 1000 1000\" xmlns=\"http:\/\/www.w3.org\/2000\/svg\"><path d=\"M646 125C629 125 613 133 604 142L308 442C296 454 292 471 292 487 292 504 296 521 308 533L604 854C617 867 629 875 646 875 663 875 679 871 692 858 704 846 713 829 713 812 713 796 708 779 692 767L438 487 692 225C700 217 708 204 708 187 708 171 704 154 692 142 675 129 663 125 646 125Z\"><\/path><\/svg>\t\t\t\t\t\t<\/div>\n\t\t\t\t\t\t<div class=\"elementor-swiper-button elementor-swiper-button-next\" role=\"button\" tabindex=\"0\" aria-label=\"N\u00e4chster Slide\">\n\t\t\t\t\t\t\t<svg aria-hidden=\"true\" class=\"e-font-icon-svg e-eicon-chevron-right\" viewBox=\"0 0 1000 1000\" xmlns=\"http:\/\/www.w3.org\/2000\/svg\"><path d=\"M696 533C708 521 713 504 713 487 713 471 708 454 696 446L400 146C388 133 375 125 354 125 338 125 325 129 313 142 300 154 292 171 292 187 292 204 296 221 308 233L563 492 304 771C292 783 288 800 288 817 288 833 296 850 308 863 321 871 338 875 354 875 371 875 388 867 400 854L696 533Z\"><\/path><\/svg>\t\t\t\t\t\t<\/div>\n\t\t\t\t\t\t\t\t\t\t\t\t\t\t\t\t\t<\/div>\n\t\t\t\t<\/div>\n\t\t\t\t\t\t\t\t<\/div>\n\t\t\t\t<\/div>\n\t\t\t\t<\/div>\n\t\t\t\t\t<\/div>\n\t\t\t\t<\/div>\n\t\t<div class=\"elementor-element elementor-element-3344c80 e-flex e-con-boxed e-con e-parent\" data-id=\"3344c80\" data-element_type=\"container\" data-e-type=\"container\">\n\t\t\t\t\t<div class=\"e-con-inner\">\n\t\t\t\t<div class=\"elementor-element elementor-element-5f5efb4 elementor-widget elementor-widget-heading\" data-id=\"5f5efb4\" data-element_type=\"widget\" data-e-type=\"widget\" data-widget_type=\"heading.default\">\n\t\t\t\t<div class=\"elementor-widget-container\">\n\t\t\t\t\t<h2 class=\"elementor-heading-title elementor-size-default\"><strong>Anreise<\/strong><\/h2>\t\t\t\t<\/div>\n\t\t\t\t<\/div>\n\t\t\t\t\t<\/div>\n\t\t\t\t<\/div>\n\t\t<div class=\"elementor-element elementor-element-ad4421b e-flex e-con-boxed e-con e-parent\" data-id=\"ad4421b\" data-element_type=\"container\" data-e-type=\"container\">\n\t\t\t\t\t<div class=\"e-con-inner\">\n\t\t<div class=\"elementor-element elementor-element-a2fed7c e-con-full e-flex e-con e-child\" data-id=\"a2fed7c\" data-element_type=\"container\" data-e-type=\"container\">\n\t\t\t\t<div class=\"elementor-element elementor-element-afb0491 elementor-widget elementor-widget-text-editor\" data-id=\"afb0491\" data-element_type=\"widget\" data-e-type=\"widget\" data-widget_type=\"text-editor.default\">\n\t\t\t\t<div class=\"elementor-widget-container\">\n\t\t\t\t\t\t\t\t\t<h3>Fl\u00fcge nach Whitehorse<\/h3><h4>Air North<\/h4><p>Air North, unsere bevorzugte regionale Fluggesellschaft, bietet Fl\u00fcge von und nach Vancouver, Edmonton, Calgary, Dawson, Inuvik, Toronto und weiteren kanadischen St\u00e4dten an. <\/p><p><a href=\"https:\/\/www.flyairnorth.com\/\" target=\"_blank\" rel=\"noopener\">Buche Air North-Fl\u00fcge <\/a>online oder rufe unter <a href=\"tel:18006610407\">1.800 661 0407<\/a> an<\/p><p>Sie bieten einen sehr guten Service, ausgezeichnetes Essen und gro\u00dfz\u00fcgige Gep\u00e4ckbestimmungen.<\/p><h4>Air Canada<\/h4><p>Air Canada bietet Fl\u00fcge von und nach Vancouver an.<\/p><h4>Condor<\/h4><p>In den Sommermonaten bietet Condor Fl\u00fcge von vielen europ\u00e4ischen St\u00e4dten \u00fcber Frankfurt und Vancouver, Calgary oder Edmonton an.<\/p><p>Aufgrund laufender Bauarbeiten am Flughafen Whitehorse (Erweiterung der Landebahn) gibt es derzeit keine Direktfl\u00fcge von Europa nach Whitehorse.<\/p><p><a href=\"https:\/\/www.condor.com\/us\" target=\"_blank\" rel=\"noopener\">Buche Condor online<\/a><\/p>\t\t\t\t\t\t\t\t<\/div>\n\t\t\t\t<\/div>\n\t\t\t\t<\/div>\n\t\t<div class=\"elementor-element elementor-element-0cc1993 e-con-full e-flex e-con e-child\" data-id=\"0cc1993\" data-element_type=\"container\" data-e-type=\"container\">\n\t\t\t\t<div class=\"elementor-element elementor-element-11bcaec elementor-widget elementor-widget-text-editor\" data-id=\"11bcaec\" data-element_type=\"widget\" data-e-type=\"widget\" data-widget_type=\"text-editor.default\">\n\t\t\t\t<div class=\"elementor-widget-container\">\n\t\t\t\t\t\t\t\t\t<h3>Anreise mit dem Auto \/ Mietwagen<\/h3><h4>Ein Mietwagen buchen Sie am Besten in Whitehorse <a href=\"https:\/\/www.drivingforce.ca\/en\/rent\/\" target=\"_blank\" rel=\"noopener\">DRIVING FORCE Rental<\/a><\/h4><h4>Alaska Highway (# 1)<\/h4><ul><li>von Whitehorse zu Glanzmann Tours \u2013 Distanz 190 km<\/li><li>von Whitehorse nach Haines Junction \u2013 Distanz 156 km<\/li><li>von Dawson Creek \/ B.C. nach Whitehorse \u2013 Distanz 1405 km<\/li><li>von Anchorage \/ Alaska nach Whitehorse \u2013 Distanz 1135 km<\/li><li>von Fairbanks \/ Alaska nach Whitehorse \u2013 Distanz 950 km<\/li><\/ul><h4>Stewart Cassiar Highway (#37)<\/h4><ul><li>von Smithers \/ British Columbia nach Whitehorse \u2013 Distanz 1253 km<\/li><li>von Prince Rupert \/ B.C. nach Whitehorse \u2013Distanz 1377 km Haines Road (#3)<\/li><li>von Haines \/ Alaska nach Haines Junction \u2013 Distanz 238 km<\/li><\/ul><h4>Klondike Highway (# 2)<\/h4><ul><li>von Skagway \/ Alaska nach Whitehorse \u2013 Distanz 175 km<\/li><li>von Dawson City \/ Yukon nach Whitehorse \u2013 Distanz 534 km<\/li><\/ul>\t\t\t\t\t\t\t\t<\/div>\n\t\t\t\t<\/div>\n\t\t\t\t<\/div>\n\t\t\t\t\t<\/div>\n\t\t\t\t<\/div>\n\t\t\t\t<\/div>\n\t\t","protected":false},"excerpt":{"rendered":"<p>Unsere Lage am Kluane Nationalpark Unser Standort ist der ideale Ausgangspunkt f\u00fcr Touren innerhalb und au\u00dferhalb des Nationalparks \u2013 ein Ort urspr\u00fcnglicher Wildnis, unber\u00fchrter Natur und wohltuender Stille \u2013 weit entfernt von Menschenmengen und Touristenstr\u00f6men.Das 8 Hektar gro\u00dfe Grundst\u00fcck grenzt direkt an den Kluane Nationalpark. Es liegt etwa 35 Kilometer s\u00fcdlich von Haines Junction an [&hellip;]<\/p>\n","protected":false},"author":1,"featured_media":5973,"parent":0,"menu_order":30,"comment_status":"closed","ping_status":"closed","template":"","meta":{"footnotes":""},"class_list":["post-5730","page","type-page","status-publish","has-post-thumbnail","hentry"],"_links":{"self":[{"href":"https:\/\/glanzmanntours.com\/de\/wp-json\/wp\/v2\/pages\/5730","targetHints":{"allow":["GET"]}}],"collection":[{"href":"https:\/\/glanzmanntours.com\/de\/wp-json\/wp\/v2\/pages"}],"about":[{"href":"https:\/\/glanzmanntours.com\/de\/wp-json\/wp\/v2\/types\/page"}],"author":[{"embeddable":true,"href":"https:\/\/glanzmanntours.com\/de\/wp-json\/wp\/v2\/users\/1"}],"replies":[{"embeddable":true,"href":"https:\/\/glanzmanntours.com\/de\/wp-json\/wp\/v2\/comments?post=5730"}],"version-history":[{"count":3,"href":"https:\/\/glanzmanntours.com\/de\/wp-json\/wp\/v2\/pages\/5730\/revisions"}],"predecessor-version":[{"id":5997,"href":"https:\/\/glanzmanntours.com\/de\/wp-json\/wp\/v2\/pages\/5730\/revisions\/5997"}],"wp:featuredmedia":[{"embeddable":true,"href":"https:\/\/glanzmanntours.com\/de\/wp-json\/wp\/v2\/media\/5973"}],"wp:attachment":[{"href":"https:\/\/glanzmanntours.com\/de\/wp-json\/wp\/v2\/media?parent=5730"}],"curies":[{"name":"wp","href":"https:\/\/api.w.org\/{rel}","templated":true}]}}